{"id":8246,"date":"2024-03-19T10:47:12","date_gmt":"2024-03-19T10:47:12","guid":{"rendered":"https:\/\/www.ziggurat.es\/?page_id=8246"},"modified":"2024-03-19T10:47:12","modified_gmt":"2024-03-19T10:47:12","slug":"italia","status":"publish","type":"page","link":"https:\/\/www.ziggurat.es\/ca\/idiomes-pera-a-empreses\/italia\/","title":{"rendered":"Classes d\u2019itali\u00e0 per a empreses"},"content":{"rendered":"","protected":false},"excerpt":{"rendered":"","protected":false},"author":3,"featured_media":8252,"parent":3571,"menu_order":0,"comment_status":"closed","ping_status":"closed","template":"z_servicios-2.php","meta":{"_acf_changed":false,"om_disable_all_campaigns":false,"_joinchat":[],"footnotes":""},"class_list":["post-8246","page","type-page","status-publish","has-post-thumbnail","hentry"],"acf":[],"yoast_head":"<!-- This site is optimized with the Yoast SEO plugin v27.2 - https:\/\/yoast.com\/product\/yoast-seo-wordpress\/ -->\r\n<title>Classes d\u2019itali\u00e0 per a empreses - Ziggurat<\/title>\r\n<meta name=\"description\" content=\"Per qu\u00e8 hauria de triar Ziggurat com a acad\u00e8mia que imparteix classes d\u2019itali\u00e0 per a empreses? \u2705 Ritme personalitzat \u2705 Formaci\u00f3 bonificada \u2705 Presencial i online\" \/>\r\n<meta name=\"robots\" content=\"index, follow, max-snippet:-1, max-image-preview:large, max-video-preview:-1\" \/>\r\n<meta property=\"og:locale\" content=\"ca_ES\" \/>\r\n<meta property=\"og:type\" content=\"article\" \/>\r\n<meta property=\"og:title\" content=\"Classes d\u2019itali\u00e0 per a empreses - Ziggurat\" \/>\r\n<meta property=\"og:description\" content=\"Per qu\u00e8 hauria de triar Ziggurat com a acad\u00e8mia que imparteix classes d\u2019itali\u00e0 per a empreses? \u2705 Ritme personalitzat \u2705 Formaci\u00f3 bonificada \u2705 Presencial i online\" \/>\r\n<meta property=\"og:url\" content=\"https:\/\/www.ziggurat.es\/ca\/idiomes-pera-a-empreses\/italia\/\" \/>\r\n<meta property=\"og:site_name\" content=\"Ziggurat\" \/>\r\n<meta property=\"article:publisher\" content=\"https:\/\/www.facebook.com\/ZigguratEscuelaCorporativadeIdiomas\" \/>\r\n<meta property=\"og:image\" content=\"https:\/\/www.ziggurat.es\/wp-content\/uploads\/2024\/03\/clases-de-italiano-para-empresas.jpg\" \/>\r\n\t<meta property=\"og:image:width\" content=\"1000\" \/>\r\n\t<meta property=\"og:image:height\" content=\"657\" \/>\r\n\t<meta property=\"og:image:type\" content=\"image\/jpeg\" \/>\r\n<meta name=\"twitter:card\" content=\"summary_large_image\" \/>\r\n<script type=\"application\/ld+json\" class=\"yoast-schema-graph\">{\"@context\":\"https:\/\/schema.org\",\"@graph\":[{\"@type\":\"WebPage\",\"@id\":\"https:\/\/www.ziggurat.es\/ca\/idiomes-pera-a-empreses\/italia\/\",\"url\":\"https:\/\/www.ziggurat.es\/ca\/idiomes-pera-a-empreses\/italia\/\",\"name\":\"Classes d\u2019itali\u00e0 per a empreses - Ziggurat\",\"isPartOf\":{\"@id\":\"https:\/\/www.ziggurat.es\/#website\"},\"primaryImageOfPage\":{\"@id\":\"https:\/\/www.ziggurat.es\/ca\/idiomes-pera-a-empreses\/italia\/#primaryimage\"},\"image\":{\"@id\":\"https:\/\/www.ziggurat.es\/ca\/idiomes-pera-a-empreses\/italia\/#primaryimage\"},\"thumbnailUrl\":\"https:\/\/www.ziggurat.es\/wp-content\/uploads\/2024\/03\/clases-de-italiano-para-empresas.jpg\",\"datePublished\":\"2024-03-19T10:47:12+00:00\",\"description\":\"Per qu\u00e8 hauria de triar Ziggurat com a acad\u00e8mia que imparteix classes d\u2019itali\u00e0 per a empreses? \u2705 Ritme personalitzat \u2705 Formaci\u00f3 bonificada \u2705 Presencial i online\",\"breadcrumb\":{\"@id\":\"https:\/\/www.ziggurat.es\/ca\/idiomes-pera-a-empreses\/italia\/#breadcrumb\"},\"inLanguage\":\"ca\",\"potentialAction\":[{\"@type\":\"ReadAction\",\"target\":[\"https:\/\/www.ziggurat.es\/ca\/idiomes-pera-a-empreses\/italia\/\"]}]},{\"@type\":\"ImageObject\",\"inLanguage\":\"ca\",\"@id\":\"https:\/\/www.ziggurat.es\/ca\/idiomes-pera-a-empreses\/italia\/#primaryimage\",\"url\":\"https:\/\/www.ziggurat.es\/wp-content\/uploads\/2024\/03\/clases-de-italiano-para-empresas.jpg\",\"contentUrl\":\"https:\/\/www.ziggurat.es\/wp-content\/uploads\/2024\/03\/clases-de-italiano-para-empresas.jpg\",\"width\":1000,\"height\":657,\"caption\":\"clases de italiano para empresas\"},{\"@type\":\"BreadcrumbList\",\"@id\":\"https:\/\/www.ziggurat.es\/ca\/idiomes-pera-a-empreses\/italia\/#breadcrumb\",\"itemListElement\":[{\"@type\":\"ListItem\",\"position\":1,\"name\":\"Home\",\"item\":\"https:\/\/www.ziggurat.es\/ca\/\"},{\"@type\":\"ListItem\",\"position\":2,\"name\":\"Classes d&#8217;idiomes per a empreses\",\"item\":\"https:\/\/www.ziggurat.es\/ca\/idiomes-pera-a-empreses\/\"},{\"@type\":\"ListItem\",\"position\":3,\"name\":\"Classes d\u2019itali\u00e0 per a empreses\"}]},{\"@type\":\"WebSite\",\"@id\":\"https:\/\/www.ziggurat.es\/#website\",\"url\":\"https:\/\/www.ziggurat.es\/\",\"name\":\"Ziggurat\",\"description\":\"Ziggurat Escuela Corporativa de Idiomas\",\"publisher\":{\"@id\":\"https:\/\/www.ziggurat.es\/#organization\"},\"alternateName\":\"Ziggurat Escuela de Idiomas\",\"potentialAction\":[{\"@type\":\"SearchAction\",\"target\":{\"@type\":\"EntryPoint\",\"urlTemplate\":\"https:\/\/www.ziggurat.es\/?s={search_term_string}\"},\"query-input\":{\"@type\":\"PropertyValueSpecification\",\"valueRequired\":true,\"valueName\":\"search_term_string\"}}],\"inLanguage\":\"ca\"},{\"@type\":\"Organization\",\"@id\":\"https:\/\/www.ziggurat.es\/#organization\",\"name\":\"Ziggurat Escuela Corporativa de Idiomas\",\"url\":\"https:\/\/www.ziggurat.es\/\",\"logo\":{\"@type\":\"ImageObject\",\"inLanguage\":\"ca\",\"@id\":\"https:\/\/www.ziggurat.es\/#\/schema\/logo\/image\/\",\"url\":\"https:\/\/www.ziggurat.es\/wp-content\/uploads\/2020\/01\/ziggurat-positiu-color_logoclaim-v1-esp.png\",\"contentUrl\":\"https:\/\/www.ziggurat.es\/wp-content\/uploads\/2020\/01\/ziggurat-positiu-color_logoclaim-v1-esp.png\",\"width\":\"767\",\"height\":\"173\",\"caption\":\"Ziggurat Escuela Corporativa de Idiomas\"},\"image\":{\"@id\":\"https:\/\/www.ziggurat.es\/#\/schema\/logo\/image\/\"},\"sameAs\":[\"https:\/\/www.facebook.com\/ZigguratEscuelaCorporativadeIdiomas\",\"https:\/\/www.linkedin.com\/company\/ziggurat-escuela-corporativa-de-idiomas\"]}]}<\/script>\r\n<!-- \/ Yoast SEO plugin. -->","yoast_head_json":{"title":"Classes d\u2019itali\u00e0 per a empreses - Ziggurat","description":"Per qu\u00e8 hauria de triar Ziggurat com a acad\u00e8mia que imparteix classes d\u2019itali\u00e0 per a empreses? \u2705 Ritme personalitzat \u2705 Formaci\u00f3 bonificada \u2705 Presencial i online","robots":{"index":"index","follow":"follow","max-snippet":"max-snippet:-1","max-image-preview":"max-image-preview:large","max-video-preview":"max-video-preview:-1"},"og_locale":"ca_ES","og_type":"article","og_title":"Classes d\u2019itali\u00e0 per a empreses - Ziggurat","og_description":"Per qu\u00e8 hauria de triar Ziggurat com a acad\u00e8mia que imparteix classes d\u2019itali\u00e0 per a empreses? \u2705 Ritme personalitzat \u2705 Formaci\u00f3 bonificada \u2705 Presencial i online","og_url":"https:\/\/www.ziggurat.es\/ca\/idiomes-pera-a-empreses\/italia\/","og_site_name":"Ziggurat","article_publisher":"https:\/\/www.facebook.com\/ZigguratEscuelaCorporativadeIdiomas","og_image":[{"width":1000,"height":657,"url":"https:\/\/www.ziggurat.es\/wp-content\/uploads\/2024\/03\/clases-de-italiano-para-empresas.jpg","type":"image\/jpeg"}],"twitter_card":"summary_large_image","schema":{"@context":"https:\/\/schema.org","@graph":[{"@type":"WebPage","@id":"https:\/\/www.ziggurat.es\/ca\/idiomes-pera-a-empreses\/italia\/","url":"https:\/\/www.ziggurat.es\/ca\/idiomes-pera-a-empreses\/italia\/","name":"Classes d\u2019itali\u00e0 per a empreses - Ziggurat","isPartOf":{"@id":"https:\/\/www.ziggurat.es\/#website"},"primaryImageOfPage":{"@id":"https:\/\/www.ziggurat.es\/ca\/idiomes-pera-a-empreses\/italia\/#primaryimage"},"image":{"@id":"https:\/\/www.ziggurat.es\/ca\/idiomes-pera-a-empreses\/italia\/#primaryimage"},"thumbnailUrl":"https:\/\/www.ziggurat.es\/wp-content\/uploads\/2024\/03\/clases-de-italiano-para-empresas.jpg","datePublished":"2024-03-19T10:47:12+00:00","description":"Per qu\u00e8 hauria de triar Ziggurat com a acad\u00e8mia que imparteix classes d\u2019itali\u00e0 per a empreses? \u2705 Ritme personalitzat \u2705 Formaci\u00f3 bonificada \u2705 Presencial i online","breadcrumb":{"@id":"https:\/\/www.ziggurat.es\/ca\/idiomes-pera-a-empreses\/italia\/#breadcrumb"},"inLanguage":"ca","potentialAction":[{"@type":"ReadAction","target":["https:\/\/www.ziggurat.es\/ca\/idiomes-pera-a-empreses\/italia\/"]}]},{"@type":"ImageObject","inLanguage":"ca","@id":"https:\/\/www.ziggurat.es\/ca\/idiomes-pera-a-empreses\/italia\/#primaryimage","url":"https:\/\/www.ziggurat.es\/wp-content\/uploads\/2024\/03\/clases-de-italiano-para-empresas.jpg","contentUrl":"https:\/\/www.ziggurat.es\/wp-content\/uploads\/2024\/03\/clases-de-italiano-para-empresas.jpg","width":1000,"height":657,"caption":"clases de italiano para empresas"},{"@type":"BreadcrumbList","@id":"https:\/\/www.ziggurat.es\/ca\/idiomes-pera-a-empreses\/italia\/#breadcrumb","itemListElement":[{"@type":"ListItem","position":1,"name":"Home","item":"https:\/\/www.ziggurat.es\/ca\/"},{"@type":"ListItem","position":2,"name":"Classes d&#8217;idiomes per a empreses","item":"https:\/\/www.ziggurat.es\/ca\/idiomes-pera-a-empreses\/"},{"@type":"ListItem","position":3,"name":"Classes d\u2019itali\u00e0 per a empreses"}]},{"@type":"WebSite","@id":"https:\/\/www.ziggurat.es\/#website","url":"https:\/\/www.ziggurat.es\/","name":"Ziggurat","description":"Ziggurat Escuela Corporativa de Idiomas","publisher":{"@id":"https:\/\/www.ziggurat.es\/#organization"},"alternateName":"Ziggurat Escuela de Idiomas","potentialAction":[{"@type":"SearchAction","target":{"@type":"EntryPoint","urlTemplate":"https:\/\/www.ziggurat.es\/?s={search_term_string}"},"query-input":{"@type":"PropertyValueSpecification","valueRequired":true,"valueName":"search_term_string"}}],"inLanguage":"ca"},{"@type":"Organization","@id":"https:\/\/www.ziggurat.es\/#organization","name":"Ziggurat Escuela Corporativa de Idiomas","url":"https:\/\/www.ziggurat.es\/","logo":{"@type":"ImageObject","inLanguage":"ca","@id":"https:\/\/www.ziggurat.es\/#\/schema\/logo\/image\/","url":"https:\/\/www.ziggurat.es\/wp-content\/uploads\/2020\/01\/ziggurat-positiu-color_logoclaim-v1-esp.png","contentUrl":"https:\/\/www.ziggurat.es\/wp-content\/uploads\/2020\/01\/ziggurat-positiu-color_logoclaim-v1-esp.png","width":"767","height":"173","caption":"Ziggurat Escuela Corporativa de Idiomas"},"image":{"@id":"https:\/\/www.ziggurat.es\/#\/schema\/logo\/image\/"},"sameAs":["https:\/\/www.facebook.com\/ZigguratEscuelaCorporativadeIdiomas","https:\/\/www.linkedin.com\/company\/ziggurat-escuela-corporativa-de-idiomas"]}]}},"_links":{"self":[{"href":"https:\/\/www.ziggurat.es\/ca\/wp-json\/wp\/v2\/pages\/8246","targetHints":{"allow":["GET"]}}],"collection":[{"href":"https:\/\/www.ziggurat.es\/ca\/wp-json\/wp\/v2\/pages"}],"about":[{"href":"https:\/\/www.ziggurat.es\/ca\/wp-json\/wp\/v2\/types\/page"}],"author":[{"embeddable":true,"href":"https:\/\/www.ziggurat.es\/ca\/wp-json\/wp\/v2\/users\/3"}],"replies":[{"embeddable":true,"href":"https:\/\/www.ziggurat.es\/ca\/wp-json\/wp\/v2\/comments?post=8246"}],"version-history":[{"count":3,"href":"https:\/\/www.ziggurat.es\/ca\/wp-json\/wp\/v2\/pages\/8246\/revisions"}],"predecessor-version":[{"id":8279,"href":"https:\/\/www.ziggurat.es\/ca\/wp-json\/wp\/v2\/pages\/8246\/revisions\/8279"}],"up":[{"embeddable":true,"href":"https:\/\/www.ziggurat.es\/ca\/wp-json\/wp\/v2\/pages\/3571"}],"wp:featuredmedia":[{"embeddable":true,"href":"https:\/\/www.ziggurat.es\/ca\/wp-json\/wp\/v2\/media\/8252"}],"wp:attachment":[{"href":"https:\/\/www.ziggurat.es\/ca\/wp-json\/wp\/v2\/media?parent=8246"}],"curies":[{"name":"wp","href":"https:\/\/api.w.org\/{rel}","templated":true}]}}